{"id":103,"date":"2025-08-13T18:08:21","date_gmt":"2025-08-13T18:08:21","guid":{"rendered":"https:\/\/concurso.eventosotg.com\/?page_id=103"},"modified":"2025-10-24T10:44:51","modified_gmt":"2025-10-24T10:44:51","slug":"concursos","status":"publish","type":"page","link":"https:\/\/concurso.eventosotg.com\/","title":{"rendered":"Concursos"},"content":{"rendered":"<p>[et_pb_section fb_built=\u00bb1&#8243; admin_label=\u00bbHeader\u00bb _builder_version=\u00bb4.27.4&#8243; _module_preset=\u00bbdefault\u00bb background_color=\u00bb#FFFFFF\u00bb custom_margin=\u00bb||||false|false\u00bb custom_margin_tablet=\u00bb||||false|false\u00bb custom_margin_phone=\u00bb||||false|false\u00bb custom_margin_last_edited=\u00bbon|phone\u00bb custom_padding=\u00bb||0px|||\u00bb box_shadow_style=\u00bbpreset7&#8243; box_shadow_horizontal=\u00bb0px\u00bb box_shadow_vertical=\u00bb-150px\u00bb box_shadow_blur=\u00bb100px\u00bb box_shadow_spread=\u00bb20px\u00bb box_shadow_color=\u00bb#FFFFFF\u00bb locked=\u00bboff\u00bb collapsed=\u00bbon\u00bb global_colors_info=\u00bb{%22gcid-c1b72e09-6043-4725-89a6-b32764984b5a%22:%91%22background_color_gradient_stops%22,%22background_color_gradient_stops%22,%22background_color_gradient_stops%22%93,%22gcid-5f63220e-8342-4427-89fa-de1da73c3340%22:%91%22background_color_gradient_stops%22%93}\u00bb][et_pb_row _builder_version=\u00bb4.27.4&#8243; _module_preset=\u00bbdefault\u00bb custom_margin=\u00bb10%||||false|false\u00bb global_colors_info=\u00bb{}\u00bb][et_pb_column type=\u00bb4_4&#8243; _builder_version=\u00bb4.25.1&#8243; _module_preset=\u00bbdefault\u00bb global_colors_info=\u00bb{}\u00bb][et_pb_heading title=\u00bbConcursos\u00bb _builder_version=\u00bb4.27.4&#8243; _module_preset=\u00bb12673903-8e62-4379-8e64-b25b6b09d481&#8243; title_text_align=\u00bbcenter\u00bb custom_margin=\u00bb||10px||false|false\u00bb hover_enabled=\u00bb0&#8243; global_colors_info=\u00bb{}\u00bb sticky_enabled=\u00bb0&#8243; custom_padding=\u00bb0px|||||\u00bb custom_margin_last_edited=\u00bbon|phone\u00bb custom_margin_phone=\u00bb20%||10px||false|false\u00bb custom_margin_tablet=\u00bb||10px||false|false\u00bb][\/et_pb_heading][\/et_pb_column][\/et_pb_row][et_pb_row column_structure=\u00bb1_2,1_2&#8243; disabled_on=\u00bbon|on|on\u00bb _builder_version=\u00bb4.27.4&#8243; _module_preset=\u00bbdefault\u00bb disabled=\u00bbon\u00bb global_colors_info=\u00bb{}\u00bb][et_pb_column type=\u00bb1_2&#8243; _builder_version=\u00bb4.25.1&#8243; _module_preset=\u00bbdefault\u00bb global_colors_info=\u00bb{}\u00bb][et_pb_button button_text=\u00bbDownload Schedule\u00bb button_alignment=\u00bbcenter\u00bb _builder_version=\u00bb4.25.1&#8243; _module_preset=\u00bbfaa62baf-65c5-4300-a688-d0d5002da988&#8243; global_colors_info=\u00bb{}\u00bb][\/et_pb_button][\/et_pb_column][et_pb_column type=\u00bb1_2&#8243; _builder_version=\u00bb4.25.1&#8243; _module_preset=\u00bbdefault\u00bb global_colors_info=\u00bb{}\u00bb][et_pb_button button_text=\u00bbDownload Schedule\u00bb button_alignment=\u00bbcenter\u00bb _builder_version=\u00bb4.25.1&#8243; _module_preset=\u00bbfaa62baf-65c5-4300-a688-d0d5002da988&#8243; global_colors_info=\u00bb{}\u00bb][\/et_pb_button][\/et_pb_column][\/et_pb_row][\/et_pb_section][et_pb_section fb_built=\u00bb1&#8243; admin_label=\u00bbSecci\u00f3n\u00bb _builder_version=\u00bb4.27.4&#8243; _module_preset=\u00bbdefault\u00bb custom_margin_tablet=\u00bb\u00bb custom_margin_phone=\u00bb||||false|false\u00bb custom_margin_last_edited=\u00bbon|phone\u00bb custom_padding=\u00bb0px|||||\u00bb global_colors_info=\u00bb{}\u00bb][et_pb_row custom_padding_last_edited=\u00bboff|desktop\u00bb _builder_version=\u00bb4.25.1&#8243; _module_preset=\u00bbdefault\u00bb max_width=\u00bb1120px\u00bb custom_margin=\u00bb||20px||false|false\u00bb custom_padding=\u00bb20px|20px|20px|20px|true|true\u00bb link_option_url=\u00bb#\u00bb box_shadow_style=\u00bbpreset1&#8243; box_shadow_vertical=\u00bb20px\u00bb box_shadow_blur=\u00bb40px\u00bb box_shadow_color=\u00bbRGBA(255,255,255,0)\u00bb locked=\u00bboff\u00bb global_colors_info=\u00bb{}\u00bb custom_padding__hover_enabled=\u00bboff|desktop\u00bb custom_padding__hover=\u00bb|20px||20px|true|true\u00bb border_radii__hover_enabled=\u00bbon|desktop\u00bb border_radii__hover=\u00bbon|12px|12px|12px|12px\u00bb box_shadow_color__hover_enabled=\u00bbon|desktop\u00bb box_shadow_color__hover=\u00bbrgba(0,0,0,0.07)\u00bb][et_pb_column type=\u00bb4_4&#8243; _builder_version=\u00bb4.25.1&#8243; _module_preset=\u00bbdefault\u00bb global_colors_info=\u00bb{}\u00bb][et_pb_text _builder_version=\u00bb4.27.4&#8243; _module_preset=\u00bbdefault\u00bb global_colors_info=\u00bb{}\u00bb]<\/p>\n<div class=\"lista-concursos\"><div class=\"concurso-card\" style=\"border:1px solid #ddd;padding:15px;margin:15px 0;border-radius:8px;\"><h3><a href=\"https:\/\/concurso.eventosotg.com\/index.php\/concursos\/csap-social-venta-la-rubia\/\">CSAP &amp; SOCIAL VENTA LA RUBIA<\/a><\/h3><p><strong>Fechas:<\/strong> 25\/10\/2025 \u2013 26\/10\/2025<\/p><p><strong>Ubicaci\u00f3n:<\/strong> <a href=\"https:\/\/maps.app.goo.gl\/avsUjgCxsnFv99Wx7\" target=\"_blank\">HIPICA VENTA LA RUBIA <\/a><\/p><p>\ud83d\udc4f\u200b Concurso Terminado, Muchas gracias a todos por la participaci\u00f3n \ud83d\udc4f\u200b\r\n\r\n\r\n\r\n<\/p><\/div><div class=\"concurso-card\" style=\"border:1px solid #ddd;padding:15px;margin:15px 0;border-radius:8px;\"><h3><a href=\"https:\/\/concurso.eventosotg.com\/index.php\/concursos\/csn2-csnp2-jumping-navidad-otg\/\">CSN2* &amp; CSNP2 &#8211; JUMPING NAVIDAD OTG<\/a><\/h3><p><strong>Fechas:<\/strong> 20\/12\/2025 \u2013 21\/12\/2025<\/p><p><strong>Ubicaci\u00f3n:<\/strong> <a href=\"https:\/\/maps.app.goo.gl\/2C7TCxLXZ4fnnDko9\" target=\"_blank\">VENTA LA RUBIA <\/a><\/p><p>\u26a0\ufe0f PARA COBRAR LOS PREMIOS O SOLICITAR LAS DEVOLUCIONES DEL SEGUNDO DIA HAY QUE MANDAR UN EMAIL CON EL NUMERO DE CUENTA A INSCRIPCIONESOTG@GMAIL.COM (valido hasta el 20 de enero 2026)\r\n\r\n\u26a0\ufe0fLos jinetes inscritos en las pruebas del CSAC Y PONIS que tengan la inscripci\u00f3n pagada completa se les canjear\u00e1 una matr\u00edcula gratuita en el CSAC del 18 de Enero 2026\u26a0\ufe0f<\/p><\/div><div class=\"concurso-card\" style=\"border:1px solid #ddd;padding:15px;margin:15px 0;border-radius:8px;\"><h3><a href=\"https:\/\/concurso.eventosotg.com\/index.php\/concursos\/csap-venta-la-rubia\/\">CSAP &#8211; VENTA LA RUBIA \ud83d\udfe3\u200b<\/a><\/h3><p><strong>Fechas:<\/strong> 18\/01\/2026 \u2013 18\/01\/2026<\/p><p><strong>Ubicaci\u00f3n:<\/strong> <a href=\"https:\/\/www.google.com\/maps\/dir\/\/Venta+la+Rubia,+Vereda+de+Villaviciosa,+Alcorc%C3%B3n,+Madrid\/data=!4m6!4m5!1m1!4e2!1m2!1m1!1s0xd418964a59d28b7:0x7bc379bf583897cf?sa=X&#038;ved=1t:57443&#038;ictx=111\" target=\"_blank\">HIPICA VENTA LA RUBIA <\/a><\/p><p> \ud83d\udfe3\u200b SE EMPIEZA A LAS 10:30 DE GRANDE A PEQUE\u00d1O \ud83d\udfe3\u200b \r\n\ud83c\udfe6\u200b ONE TO GO SL \u200b\u27a1\ufe0f\u200b ES62 2100 6061 5902 0024 5967 \ud83d\udcb0\u200b 1\u00ba salida 25\u20ac - 2\u00ba salida 15\u20ac \ud83d\udfe3\u200b <\/p><\/div><div class=\"concurso-card\" style=\"border:1px solid #ddd;padding:15px;margin:15px 0;border-radius:8px;\"><h3><a href=\"https:\/\/concurso.eventosotg.com\/index.php\/concursos\/csa-caballos-jovenes-vlr\/\">CSA CABALLOS JOVENES &#8211; VLR \ud83d\udfe9\u200b<\/a><\/h3><p><strong>Fechas:<\/strong> 11\/02\/2026 \u2013 11\/02\/2026<\/p><p><strong>Ubicaci\u00f3n:<\/strong> <a href=\"https:\/\/www.google.com\/maps\/dir\/\/Venta+la+Rubia,+Vereda+de+Villaviciosa,+Alcorc%C3%B3n,+Madrid\/data=!4m6!4m5!1m1!4e2!1m2!1m1!1s0xd418964a59d28b7:0x7bc379bf583897cf?sa=X&#038;ved=1t:57443&#038;ictx=111\" target=\"_blank\">HIPICA VENTA LA RUBIA <\/a><\/p><p>\ud83d\udfe9\u200b CONCURSO DE SALTO AUTON\u00d3MICO CABALLOS JOVENES \ud83d\udfe9\u200b INSCRIPCIONES https:\/\/www.cbservicios.net\/Magic94Scripts\/mgrqispi94.dll?APPNAME=CBRFHE&amp;PRGNAME=FHTCALCONFHM&amp;ARGUMENTS=-A14,-A01,-A2026\r\n<\/p><\/div><div class=\"concurso-card\" style=\"border:1px solid #ddd;padding:15px;margin:15px 0;border-radius:8px;\"><h3><a href=\"https:\/\/concurso.eventosotg.com\/index.php\/concursos\/csa-caballos-jovenes-vlr-2\/\">CSA CABALLOS JOVENES &#8211; VLR \ud83d\udfeb\u200b<\/a><\/h3><p><strong>Fechas:<\/strong> 22\/04\/2026 \u2013 22\/04\/2026<\/p><p><strong>Ubicaci\u00f3n:<\/strong> <a href=\"https:\/\/www.google.com\/maps\/dir\/\/P.%C2%BA+de+Extremadura,+Km+10,+600,+28925+Alcorc%C3%B3n,+Madrid\/@40.4498233,-3.7855651,13.01z\/data=!4m8!4m7!1m0!1m5!1m1!1s0xd418928b2f05b6f:0x98ac2316e9302a26!2m2!1d-3.8224511!2d40.3747293?entry=ttu&#038;g_ep=EgoyMDI2MDEwNy4wIKXMDSoKLDEwMDc5MjA3M0gBUAM%3D\" target=\"_blank\">FR3 CLUB HIPICO <\/a><\/p><p>\ud83d\udfeb\u200b CONCURSO DE SALTO CABALLOS JOVENES \ud83d\udfeb\u200b INSCRIPCIONES EN https:\/\/www.cbservicios.net\/Magic94Scripts\/mgrqispi94.dll?APPNAME=CBRFHE&amp;PRGNAME=FHTCALCONFHM&amp;ARGUMENTS=-A14,-A01,-A2026\r\n\r\n<\/p><\/div><div class=\"concurso-card\" style=\"border:1px solid #ddd;padding:15px;margin:15px 0;border-radius:8px;\"><h3><a href=\"https:\/\/concurso.eventosotg.com\/index.php\/concursos\/social-csap-16-y-17-mayo-venta-la-rubia-%e2%ad%90\/\">SOCIAL &amp; CSAP 16 Y 17 MAYO VENTA LA RUBIA \u2b50\u200b<\/a><\/h3><p><strong>Fechas:<\/strong> 16\/05\/2026 \u2013 17\/05\/2026<\/p><p><strong>Ubicaci\u00f3n:<\/strong> <a href=\"https:\/\/maps.app.goo.gl\/qR7vyhb761NaWp7T8\" target=\"_blank\">FR3 CLUB HIPICO - VENTA LA RUBIA <\/a><\/p><p>\ud83d\udca5\u200b VUELVE LA COMPETICION A HIPICA VENTA LA RUBIA \ud83d\ude80\u200b<\/p><\/div><\/div>\n<p>[\/et_pb_text][\/et_pb_column][\/et_pb_row][\/et_pb_section]<\/p>\n","protected":false},"excerpt":{"rendered":"<p>[et_pb_section fb_built=\u00bb1&#8243; admin_label=\u00bbHeader\u00bb _builder_version=\u00bb4.27.4&#8243; _module_preset=\u00bbdefault\u00bb background_color=\u00bb#FFFFFF\u00bb custom_margin=\u00bb||||false|false\u00bb custom_margin_tablet=\u00bb||||false|false\u00bb custom_margin_phone=\u00bb||||false|false\u00bb custom_margin_last_edited=\u00bbon|phone\u00bb custom_padding=\u00bb||0px|||\u00bb box_shadow_style=\u00bbpreset7&#8243; box_shadow_horizontal=\u00bb0px\u00bb box_shadow_vertical=\u00bb-150px\u00bb box_shadow_blur=\u00bb100px\u00bb box_shadow_spread=\u00bb20px\u00bb box_shadow_color=\u00bb#FFFFFF\u00bb locked=\u00bboff\u00bb collapsed=\u00bbon\u00bb global_colors_info=\u00bb{%22gcid-c1b72e09-6043-4725-89a6-b32764984b5a%22:%91%22background_color_gradient_stops%22,%22background_color_gradient_stops%22,%22background_color_gradient_stops%22%93,%22gcid-5f63220e-8342-4427-89fa-de1da73c3340%22:%91%22background_color_gradient_stops%22%93}\u00bb][et_pb_row _builder_version=\u00bb4.27.4&#8243; _module_preset=\u00bbdefault\u00bb custom_margin=\u00bb10%||||false|false\u00bb global_colors_info=\u00bb{}\u00bb][et_pb_column type=\u00bb4_4&#8243; _builder_version=\u00bb4.25.1&#8243; _module_preset=\u00bbdefault\u00bb global_colors_info=\u00bb{}\u00bb][et_pb_heading title=\u00bbConcursos\u00bb _builder_version=\u00bb4.27.4&#8243; _module_preset=\u00bb12673903-8e62-4379-8e64-b25b6b09d481&#8243; title_text_align=\u00bbcenter\u00bb custom_margin=\u00bb||10px||false|false\u00bb hover_enabled=\u00bb0&#8243; global_colors_info=\u00bb{}\u00bb sticky_enabled=\u00bb0&#8243; custom_padding=\u00bb0px|||||\u00bb custom_margin_last_edited=\u00bbon|phone\u00bb custom_margin_phone=\u00bb20%||10px||false|false\u00bb custom_margin_tablet=\u00bb||10px||false|false\u00bb][\/et_pb_heading][\/et_pb_column][\/et_pb_row][et_pb_row column_structure=\u00bb1_2,1_2&#8243; disabled_on=\u00bbon|on|on\u00bb _builder_version=\u00bb4.27.4&#8243; _module_preset=\u00bbdefault\u00bb disabled=\u00bbon\u00bb global_colors_info=\u00bb{}\u00bb][et_pb_column type=\u00bb1_2&#8243; _builder_version=\u00bb4.25.1&#8243; _module_preset=\u00bbdefault\u00bb global_colors_info=\u00bb{}\u00bb][et_pb_button button_text=\u00bbDownload Schedule\u00bb button_alignment=\u00bbcenter\u00bb _builder_version=\u00bb4.25.1&#8243; _module_preset=\u00bbfaa62baf-65c5-4300-a688-d0d5002da988&#8243; [&hellip;]<\/p>\n","protected":false},"author":1,"featured_media":0,"parent":0,"menu_order":0,"comment_status":"closed","ping_status":"closed","template":"","meta":{"_acf_changed":false,"_et_pb_use_builder":"on","_et_pb_old_content":"","_et_gb_content_width":"","footnotes":""},"class_list":["post-103","page","type-page","status-publish","hentry"],"acf":[],"_links":{"self":[{"href":"https:\/\/concurso.eventosotg.com\/index.php\/wp-json\/wp\/v2\/pages\/103","targetHints":{"allow":["GET"]}}],"collection":[{"href":"https:\/\/concurso.eventosotg.com\/index.php\/wp-json\/wp\/v2\/pages"}],"about":[{"href":"https:\/\/concurso.eventosotg.com\/index.php\/wp-json\/wp\/v2\/types\/page"}],"author":[{"embeddable":true,"href":"https:\/\/concurso.eventosotg.com\/index.php\/wp-json\/wp\/v2\/users\/1"}],"replies":[{"embeddable":true,"href":"https:\/\/concurso.eventosotg.com\/index.php\/wp-json\/wp\/v2\/comments?post=103"}],"version-history":[{"count":15,"href":"https:\/\/concurso.eventosotg.com\/index.php\/wp-json\/wp\/v2\/pages\/103\/revisions"}],"predecessor-version":[{"id":623,"href":"https:\/\/concurso.eventosotg.com\/index.php\/wp-json\/wp\/v2\/pages\/103\/revisions\/623"}],"wp:attachment":[{"href":"https:\/\/concurso.eventosotg.com\/index.php\/wp-json\/wp\/v2\/media?parent=103"}],"curies":[{"name":"wp","href":"https:\/\/api.w.org\/{rel}","templated":true}]}}